{"id":30709,"date":"2019-06-21T13:42:55","date_gmt":"2019-06-21T11:42:55","guid":{"rendered":"http:\/\/elektromotoren.hew.dev-inmotto.de\/?page_id=30709"},"modified":"2020-04-24T11:58:04","modified_gmt":"2020-04-24T09:58:04","slug":"praktikum","status":"publish","type":"page","link":"https:\/\/www.hew-hf.de\/kirchturmtechnik\/karriere\/praktikum\/","title":{"rendered":"Praktikum"},"content":{"rendered":"<p>[et_pb_section bb_built=&#8220;1&#8243; _builder_version=&#8220;3.25.3&#8243; use_background_color_gradient=&#8220;on&#8220; background_color_gradient_start=&#8220;rgba(232,31,118,0.6)&#8220; background_color_gradient_end=&#8220;rgba(0,26,112,0.71)&#8220; background_color_gradient_direction=&#8220;240deg&#8220; background_color_gradient_start_position=&#8220;9%&#8220; background_color_gradient_end_position=&#8220;65%&#8220; background_color_gradient_overlays_image=&#8220;on&#8220; background_image=&#8220;https:\/\/www.hew-hf.de\/wp-content\/uploads\/sites\/5\/2019\/05\/HEW_unternehmen_head_platzhalter.jpg&#8220; height=&#8220;60vh&#8220; height_tablet=&#8220;600px&#8220; height_phone=&#8220;500px&#8220; height_last_edited=&#8220;on|desktop&#8220; custom_margin=&#8220;1%||&#8220; custom_margin_last_edited=&#8220;on|phone&#8220; custom_padding=&#8220;||&#8220; animation_style=&#8220;fade&#8220; animation_duration=&#8220;1500ms&#8220; z_index_tablet=&#8220;500&#8243; box_shadow_horizontal_tablet=&#8220;0px&#8220; box_shadow_vertical_tablet=&#8220;0px&#8220; box_shadow_blur_tablet=&#8220;40px&#8220; box_shadow_spread_tablet=&#8220;0px&#8220; next_background_color=&#8220;#fafafa&#8220;][et_pb_row custom_padding=&#8220;|||||&#8220; custom_padding_tablet=&#8220;30%||&#8220; make_equal=&#8220;on&#8220; custom_padding_last_edited=&#8220;on|phone&#8220; _builder_version=&#8220;3.25.3&#8243; z_index_tablet=&#8220;500&#8243; custom_css_main_element=&#8220;height: inherit;&#8220; box_shadow_horizontal_tablet=&#8220;0px&#8220; box_shadow_vertical_tablet=&#8220;0px&#8220; box_shadow_blur_tablet=&#8220;40px&#8220; box_shadow_spread_tablet=&#8220;0px&#8220;][et_pb_column type=&#8220;4_4&#8243; module_class=&#8220;vertikal-zentrieren&#8220; _builder_version=&#8220;3.0.47&#8243; custom_padding=&#8220;|||&#8220; custom_padding__hover=&#8220;|||&#8220;][et_pb_text admin_label=&#8220;Praktikum.&#8220; _builder_version=&#8220;3.29.3&#8243; header_font=&#8220;|600|||||||&#8220; header_text_align=&#8220;center&#8220; header_text_color=&#8220;#ffffff&#8220; header_font_size=&#8220;5em&#8220; header_line_height=&#8220;1.4em&#8220; animation_style=&#8220;slide&#8220; animation_direction=&#8220;top&#8220; animation_duration=&#8220;1200ms&#8220; animation_intensity_slide=&#8220;10%&#8220; z_index_tablet=&#8220;500&#8243; text_text_shadow_horizontal_length_tablet=&#8220;0px&#8220; text_text_shadow_vertical_length_tablet=&#8220;0px&#8220; text_text_shadow_blur_strength_tablet=&#8220;1px&#8220; link_text_shadow_horizontal_length_tablet=&#8220;0px&#8220; link_text_shadow_vertical_length_tablet=&#8220;0px&#8220; link_text_shadow_blur_strength_tablet=&#8220;1px&#8220; ul_text_shadow_horizontal_length_tablet=&#8220;0px&#8220; ul_text_shadow_vertical_length_tablet=&#8220;0px&#8220; ul_text_shadow_blur_strength_tablet=&#8220;1px&#8220; ol_text_shadow_horizontal_length_tablet=&#8220;0px&#8220; ol_text_shadow_vertical_length_tablet=&#8220;0px&#8220; ol_text_shadow_blur_strength_tablet=&#8220;1px&#8220; quote_text_shadow_horizontal_length_tablet=&#8220;0px&#8220; quote_text_shadow_vertical_length_tablet=&#8220;0px&#8220; quote_text_shadow_blur_strength_tablet=&#8220;1px&#8220; header_font_size_tablet=&#8220;3em&#8220; header_font_size_phone=&#8220;1.8em&#8220; header_font_size_last_edited=&#8220;on|phone&#8220; header_text_shadow_horizontal_length_tablet=&#8220;0px&#8220; header_text_shadow_vertical_length_tablet=&#8220;0px&#8220; header_text_shadow_blur_strength_tablet=&#8220;1px&#8220; header_2_text_shadow_horizontal_length_tablet=&#8220;0px&#8220; header_2_text_shadow_vertical_length_tablet=&#8220;0px&#8220; header_2_text_shadow_blur_strength_tablet=&#8220;1px&#8220; header_3_text_shadow_horizontal_length_tablet=&#8220;0px&#8220; header_3_text_shadow_vertical_length_tablet=&#8220;0px&#8220; header_3_text_shadow_blur_strength_tablet=&#8220;1px&#8220; header_4_text_shadow_horizontal_length_tablet=&#8220;0px&#8220; header_4_text_shadow_vertical_length_tablet=&#8220;0px&#8220; header_4_text_shadow_blur_strength_tablet=&#8220;1px&#8220; header_5_text_shadow_horizontal_length_tablet=&#8220;0px&#8220; header_5_text_shadow_vertical_length_tablet=&#8220;0px&#8220; header_5_text_shadow_blur_strength_tablet=&#8220;1px&#8220; header_6_text_shadow_horizontal_length_tablet=&#8220;0px&#8220; header_6_text_shadow_vertical_length_tablet=&#8220;0px&#8220; header_6_text_shadow_blur_strength_tablet=&#8220;1px&#8220; box_shadow_horizontal_tablet=&#8220;0px&#8220; box_shadow_vertical_tablet=&#8220;0px&#8220; box_shadow_blur_tablet=&#8220;40px&#8220; box_shadow_spread_tablet=&#8220;0px&#8220; custom_css_main_element=&#8220;height: inherit;&#8220; text_text_shadow_horizontal_length=&#8220;text_text_shadow_style,%91object Object%93&#8243; text_text_shadow_vertical_length=&#8220;text_text_shadow_style,%91object Object%93&#8243; text_text_shadow_blur_strength=&#8220;text_text_shadow_style,%91object Object%93&#8243; link_text_shadow_horizontal_length=&#8220;link_text_shadow_style,%91object Object%93&#8243; link_text_shadow_vertical_length=&#8220;link_text_shadow_style,%91object Object%93&#8243; link_text_shadow_blur_strength=&#8220;link_text_shadow_style,%91object Object%93&#8243; ul_text_shadow_horizontal_length=&#8220;ul_text_shadow_style,%91object Object%93&#8243; ul_text_shadow_vertical_length=&#8220;ul_text_shadow_style,%91object Object%93&#8243; ul_text_shadow_blur_strength=&#8220;ul_text_shadow_style,%91object Object%93&#8243; ol_text_shadow_horizontal_length=&#8220;ol_text_shadow_style,%91object Object%93&#8243; ol_text_shadow_vertical_length=&#8220;ol_text_shadow_style,%91object Object%93&#8243; ol_text_shadow_blur_strength=&#8220;ol_text_shadow_style,%91object Object%93&#8243; quote_text_shadow_horizontal_length=&#8220;quote_text_shadow_style,%91object Object%93&#8243; quote_text_shadow_vertical_length=&#8220;quote_text_shadow_style,%91object Object%93&#8243; quote_text_shadow_blur_strength=&#8220;quote_text_shadow_style,%91object Object%93&#8243; header_text_shadow_horizontal_length=&#8220;header_text_shadow_style,%91object Object%93&#8243; header_text_shadow_vertical_length=&#8220;header_text_shadow_style,%91object Object%93&#8243; header_text_shadow_blur_strength=&#8220;header_text_shadow_style,%91object Object%93&#8243; header_2_text_shadow_horizontal_length=&#8220;header_2_text_shadow_style,%91object Object%93&#8243; header_2_text_shadow_vertical_length=&#8220;header_2_text_shadow_style,%91object Object%93&#8243; header_2_text_shadow_blur_strength=&#8220;header_2_text_shadow_style,%91object Object%93&#8243; header_3_text_shadow_horizontal_length=&#8220;header_3_text_shadow_style,%91object Object%93&#8243; header_3_text_shadow_vertical_length=&#8220;header_3_text_shadow_style,%91object Object%93&#8243; header_3_text_shadow_blur_strength=&#8220;header_3_text_shadow_style,%91object Object%93&#8243; header_4_text_shadow_horizontal_length=&#8220;header_4_text_shadow_style,%91object Object%93&#8243; header_4_text_shadow_vertical_length=&#8220;header_4_text_shadow_style,%91object Object%93&#8243; header_4_text_shadow_blur_strength=&#8220;header_4_text_shadow_style,%91object Object%93&#8243; header_5_text_shadow_horizontal_length=&#8220;header_5_text_shadow_style,%91object Object%93&#8243; header_5_text_shadow_vertical_length=&#8220;header_5_text_shadow_style,%91object Object%93&#8243; header_5_text_shadow_blur_strength=&#8220;header_5_text_shadow_style,%91object Object%93&#8243; header_6_text_shadow_horizontal_length=&#8220;header_6_text_shadow_style,%91object Object%93&#8243; header_6_text_shadow_vertical_length=&#8220;header_6_text_shadow_style,%91object Object%93&#8243; header_6_text_shadow_blur_strength=&#8220;header_6_text_shadow_style,%91object Object%93&#8243;]<\/p>\n<h1>Praktikum bei HEW<\/h1>\n<p>[\/et_pb_text][\/et_pb_column][\/et_pb_row][\/et_pb_section][et_pb_section bb_built=&#8220;1&#8243; _builder_version=&#8220;3.22.3&#8243; background_color=&#8220;#fafafa&#8220; prev_background_color=&#8220;#ffffff&#8220;][et_pb_row custom_padding=&#8220;2%||&#8220; custom_margin=&#8220;||&#8220; _builder_version=&#8220;3.25&#8243;][et_pb_column type=&#8220;4_4&#8243; _builder_version=&#8220;3.25&#8243; custom_padding=&#8220;|||&#8220; custom_padding__hover=&#8220;|||&#8220;][et_pb_text _builder_version=&#8220;3.22.7&#8243; text_text_color=&#8220;#9e9e9e&#8220; text_font_size=&#8220;16px&#8220; header_font=&#8220;||||||||&#8220; header_text_align=&#8220;center&#8220; header_2_font=&#8220;||||||||&#8220; header_2_text_align=&#8220;center&#8220; header_2_text_color=&#8220;#001a70&#8243; header_2_font_size=&#8220;2.5em&#8220; header_2_line_height=&#8220;1.5em&#8220; text_orientation=&#8220;center&#8220; custom_margin=&#8220;0px||0px&#8220; custom_padding=&#8220;0px||0px&#8220; animation_style=&#8220;slide&#8220; animation_direction=&#8220;top&#8220; animation_duration=&#8220;1200ms&#8220; animation_delay=&#8220;500ms&#8220; animation_intensity_slide=&#8220;10%&#8220; z_index_tablet=&#8220;500&#8243; header_2_font_size_tablet=&#8220;1.7em&#8220; header_2_font_size_phone=&#8220;1.1em&#8220; header_2_font_size_last_edited=&#8220;on|phone&#8220;]<\/p>\n<h2><strong><span style=\"color: #e81f76\">\/\u00a0<\/span><\/strong><strong>Tradition ist gut, Fortschritt ist besser\u00a0<\/strong><strong><\/strong><strong><span style=\"color: #e81f76\">\/<\/span><\/strong><\/h2>\n<p><span>Denn einen anspruchsvollen Markt \u00fcberzeugt man nur durch innovative Ideen.<\/span><\/p>\n<p>[\/et_pb_text][\/et_pb_column][\/et_pb_row][et_pb_row custom_padding=&#8220;||&#8220; custom_margin=&#8220;||1%&#8220; _builder_version=&#8220;3.25&#8243; custom_margin_tablet=&#8220;||0%&#8220; custom_margin_last_edited=&#8220;on|phone&#8220;][et_pb_column type=&#8220;4_4&#8243; _builder_version=&#8220;3.25&#8243; custom_padding=&#8220;|||&#8220; custom_padding__hover=&#8220;|||&#8220;][et_pb_text _builder_version=&#8220;3.22.7&#8243; text_text_color=&#8220;#8c8c8c&#8220; text_font_size=&#8220;15px&#8220; text_line_height=&#8220;1.8em&#8220; text_orientation=&#8220;center&#8220; animation_style=&#8220;fade&#8220; animation_duration=&#8220;1500ms&#8220; animation_delay=&#8220;800ms&#8220; z_index_tablet=&#8220;500&#8243;]<\/p>\n<p>Mit dieser Philosophie behaupten die Herforder Elektromotoren Werke seit 1892 regelm\u00e4\u00dfig einen Spitzenplatz im Bereich moderner Antriebstechnik. Seine ersten Meriten verdiente sich das Unternehmen mit elektromechanischen Antrieben f\u00fcr Glockengel\u00e4ute. Eine komplexe Technik, die absolute Professionalit\u00e4t erfordert. Und deren Know-how auf viele andere Gebiete \u00fcbertragbar ist.<\/p>\n<p>[\/et_pb_text][\/et_pb_column][\/et_pb_row][\/et_pb_section]<\/p>\n","protected":false},"excerpt":{"rendered":"<p>Praktikum bei HEW \/\u00a0Tradition ist gut, Fortschritt ist besser\u00a0\/ Denn einen anspruchsvollen Markt \u00fcberzeugt man nur durch innovative Ideen. Mit dieser Philosophie behaupten die Herforder Elektromotoren Werke seit 1892 regelm\u00e4\u00dfig einen Spitzenplatz im Bereich moderner Antriebstechnik. Seine ersten Meriten verdiente sich das Unternehmen mit elektromechanischen Antrieben f\u00fcr Glockengel\u00e4ute. Eine komplexe Technik, die absolute Professionalit\u00e4t erfordert. [&hellip;]<\/p>\n","protected":false},"author":2,"featured_media":0,"parent":30360,"menu_order":28,"comment_status":"closed","ping_status":"closed","template":"page-kirche.php","meta":{"_et_pb_use_builder":"on","_et_pb_old_content":"<!-- wp:tadv\/classic-paragraph \/-->","_et_gb_content_width":"","inline_featured_image":false,"footnotes":""},"class_list":["post-30709","page","type-page","status-publish","hentry"],"yoast_head":"<!-- This site is optimized with the Yoast SEO plugin v27.4 - https:\/\/yoast.com\/product\/yoast-seo-wordpress\/ -->\n<title>Praktikum - HEW Kirchturmtechnik<\/title>\n<meta name=\"robots\" content=\"index, follow, max-snippet:-1, max-image-preview:large, max-video-preview:-1\" \/>\n<link rel=\"canonical\" href=\"https:\/\/www.hew-hf.de\/kirchturmtechnik\/karriere\/praktikum\/\" \/>\n<meta property=\"og:locale\" content=\"de_DE\" \/>\n<meta property=\"og:type\" content=\"article\" \/>\n<meta property=\"og:title\" content=\"Praktikum - HEW Kirchturmtechnik\" \/>\n<meta property=\"og:description\" content=\"Praktikum bei HEW \/\u00a0Tradition ist gut, Fortschritt ist besser\u00a0\/ Denn einen anspruchsvollen Markt \u00fcberzeugt man nur durch innovative Ideen. Mit dieser Philosophie behaupten die Herforder Elektromotoren Werke seit 1892 regelm\u00e4\u00dfig einen Spitzenplatz im Bereich moderner Antriebstechnik. Seine ersten Meriten verdiente sich das Unternehmen mit elektromechanischen Antrieben f\u00fcr Glockengel\u00e4ute. Eine komplexe Technik, die absolute Professionalit\u00e4t erfordert. [&hellip;]\" \/>\n<meta property=\"og:url\" content=\"https:\/\/www.hew-hf.de\/kirchturmtechnik\/karriere\/praktikum\/\" \/>\n<meta property=\"og:site_name\" content=\"HEW Kirchturmtechnik\" \/>\n<meta property=\"article:modified_time\" content=\"2020-04-24T09:58:04+00:00\" \/>\n<meta name=\"twitter:card\" content=\"summary_large_image\" \/>\n<meta name=\"twitter:label1\" content=\"Gesch\u00e4tzte Lesezeit\" \/>\n\t<meta name=\"twitter:data1\" content=\"6\u00a0Minuten\" \/>\n<script type=\"application\/ld+json\" class=\"yoast-schema-graph\">{\"@context\":\"https:\\\/\\\/schema.org\",\"@graph\":[{\"@type\":\"WebPage\",\"@id\":\"https:\\\/\\\/www.hew-hf.de\\\/kirchturmtechnik\\\/karriere\\\/praktikum\\\/\",\"url\":\"https:\\\/\\\/www.hew-hf.de\\\/kirchturmtechnik\\\/karriere\\\/praktikum\\\/\",\"name\":\"Praktikum - HEW Kirchturmtechnik\",\"isPartOf\":{\"@id\":\"https:\\\/\\\/www.hew-hf.de\\\/kirchturmtechnik\\\/#website\"},\"datePublished\":\"2019-06-21T11:42:55+00:00\",\"dateModified\":\"2020-04-24T09:58:04+00:00\",\"breadcrumb\":{\"@id\":\"https:\\\/\\\/www.hew-hf.de\\\/kirchturmtechnik\\\/karriere\\\/praktikum\\\/#breadcrumb\"},\"inLanguage\":\"de\",\"potentialAction\":[{\"@type\":\"ReadAction\",\"target\":[\"https:\\\/\\\/www.hew-hf.de\\\/kirchturmtechnik\\\/karriere\\\/praktikum\\\/\"]}]},{\"@type\":\"BreadcrumbList\",\"@id\":\"https:\\\/\\\/www.hew-hf.de\\\/kirchturmtechnik\\\/karriere\\\/praktikum\\\/#breadcrumb\",\"itemListElement\":[{\"@type\":\"ListItem\",\"position\":1,\"name\":\"Startseite\",\"item\":\"https:\\\/\\\/www.hew-hf.de\\\/kirchturmtechnik\\\/\"},{\"@type\":\"ListItem\",\"position\":2,\"name\":\"Karriere\",\"item\":\"https:\\\/\\\/www.hew-hf.de\\\/kirchturmtechnik\\\/karriere\\\/\"},{\"@type\":\"ListItem\",\"position\":3,\"name\":\"Praktikum\"}]},{\"@type\":\"WebSite\",\"@id\":\"https:\\\/\\\/www.hew-hf.de\\\/kirchturmtechnik\\\/#website\",\"url\":\"https:\\\/\\\/www.hew-hf.de\\\/kirchturmtechnik\\\/\",\"name\":\"HEW Kirchturmtechnik\",\"description\":\"\",\"publisher\":{\"@id\":\"https:\\\/\\\/www.hew-hf.de\\\/kirchturmtechnik\\\/#organization\"},\"potentialAction\":[{\"@type\":\"SearchAction\",\"target\":{\"@type\":\"EntryPoint\",\"urlTemplate\":\"https:\\\/\\\/www.hew-hf.de\\\/kirchturmtechnik\\\/?s={search_term_string}\"},\"query-input\":{\"@type\":\"PropertyValueSpecification\",\"valueRequired\":true,\"valueName\":\"search_term_string\"}}],\"inLanguage\":\"de\"},{\"@type\":\"Organization\",\"@id\":\"https:\\\/\\\/www.hew-hf.de\\\/kirchturmtechnik\\\/#organization\",\"name\":\"HEW Elektromotoren\",\"url\":\"https:\\\/\\\/www.hew-hf.de\\\/kirchturmtechnik\\\/\",\"logo\":{\"@type\":\"ImageObject\",\"inLanguage\":\"de\",\"@id\":\"https:\\\/\\\/www.hew-hf.de\\\/kirchturmtechnik\\\/#\\\/schema\\\/logo\\\/image\\\/\",\"url\":\"https:\\\/\\\/www.hew-hf.de\\\/kirchturmtechnik\\\/wp-content\\\/uploads\\\/sites\\\/5\\\/2019\\\/03\\\/hew_logo_hp_footer.svg\",\"contentUrl\":\"https:\\\/\\\/www.hew-hf.de\\\/kirchturmtechnik\\\/wp-content\\\/uploads\\\/sites\\\/5\\\/2019\\\/03\\\/hew_logo_hp_footer.svg\",\"width\":1,\"height\":1,\"caption\":\"HEW Elektromotoren\"},\"image\":{\"@id\":\"https:\\\/\\\/www.hew-hf.de\\\/kirchturmtechnik\\\/#\\\/schema\\\/logo\\\/image\\\/\"}}]}<\/script>\n<!-- \/ Yoast SEO plugin. -->","yoast_head_json":{"title":"Praktikum - HEW Kirchturmtechnik","robots":{"index":"index","follow":"follow","max-snippet":"max-snippet:-1","max-image-preview":"max-image-preview:large","max-video-preview":"max-video-preview:-1"},"canonical":"https:\/\/www.hew-hf.de\/kirchturmtechnik\/karriere\/praktikum\/","og_locale":"de_DE","og_type":"article","og_title":"Praktikum - HEW Kirchturmtechnik","og_description":"Praktikum bei HEW \/\u00a0Tradition ist gut, Fortschritt ist besser\u00a0\/ Denn einen anspruchsvollen Markt \u00fcberzeugt man nur durch innovative Ideen. Mit dieser Philosophie behaupten die Herforder Elektromotoren Werke seit 1892 regelm\u00e4\u00dfig einen Spitzenplatz im Bereich moderner Antriebstechnik. Seine ersten Meriten verdiente sich das Unternehmen mit elektromechanischen Antrieben f\u00fcr Glockengel\u00e4ute. Eine komplexe Technik, die absolute Professionalit\u00e4t erfordert. [&hellip;]","og_url":"https:\/\/www.hew-hf.de\/kirchturmtechnik\/karriere\/praktikum\/","og_site_name":"HEW Kirchturmtechnik","article_modified_time":"2020-04-24T09:58:04+00:00","twitter_card":"summary_large_image","twitter_misc":{"Gesch\u00e4tzte Lesezeit":"6\u00a0Minuten"},"schema":{"@context":"https:\/\/schema.org","@graph":[{"@type":"WebPage","@id":"https:\/\/www.hew-hf.de\/kirchturmtechnik\/karriere\/praktikum\/","url":"https:\/\/www.hew-hf.de\/kirchturmtechnik\/karriere\/praktikum\/","name":"Praktikum - HEW Kirchturmtechnik","isPartOf":{"@id":"https:\/\/www.hew-hf.de\/kirchturmtechnik\/#website"},"datePublished":"2019-06-21T11:42:55+00:00","dateModified":"2020-04-24T09:58:04+00:00","breadcrumb":{"@id":"https:\/\/www.hew-hf.de\/kirchturmtechnik\/karriere\/praktikum\/#breadcrumb"},"inLanguage":"de","potentialAction":[{"@type":"ReadAction","target":["https:\/\/www.hew-hf.de\/kirchturmtechnik\/karriere\/praktikum\/"]}]},{"@type":"BreadcrumbList","@id":"https:\/\/www.hew-hf.de\/kirchturmtechnik\/karriere\/praktikum\/#breadcrumb","itemListElement":[{"@type":"ListItem","position":1,"name":"Startseite","item":"https:\/\/www.hew-hf.de\/kirchturmtechnik\/"},{"@type":"ListItem","position":2,"name":"Karriere","item":"https:\/\/www.hew-hf.de\/kirchturmtechnik\/karriere\/"},{"@type":"ListItem","position":3,"name":"Praktikum"}]},{"@type":"WebSite","@id":"https:\/\/www.hew-hf.de\/kirchturmtechnik\/#website","url":"https:\/\/www.hew-hf.de\/kirchturmtechnik\/","name":"HEW Kirchturmtechnik","description":"","publisher":{"@id":"https:\/\/www.hew-hf.de\/kirchturmtechnik\/#organization"},"potentialAction":[{"@type":"SearchAction","target":{"@type":"EntryPoint","urlTemplate":"https:\/\/www.hew-hf.de\/kirchturmtechnik\/?s={search_term_string}"},"query-input":{"@type":"PropertyValueSpecification","valueRequired":true,"valueName":"search_term_string"}}],"inLanguage":"de"},{"@type":"Organization","@id":"https:\/\/www.hew-hf.de\/kirchturmtechnik\/#organization","name":"HEW Elektromotoren","url":"https:\/\/www.hew-hf.de\/kirchturmtechnik\/","logo":{"@type":"ImageObject","inLanguage":"de","@id":"https:\/\/www.hew-hf.de\/kirchturmtechnik\/#\/schema\/logo\/image\/","url":"https:\/\/www.hew-hf.de\/kirchturmtechnik\/wp-content\/uploads\/sites\/5\/2019\/03\/hew_logo_hp_footer.svg","contentUrl":"https:\/\/www.hew-hf.de\/kirchturmtechnik\/wp-content\/uploads\/sites\/5\/2019\/03\/hew_logo_hp_footer.svg","width":1,"height":1,"caption":"HEW Elektromotoren"},"image":{"@id":"https:\/\/www.hew-hf.de\/kirchturmtechnik\/#\/schema\/logo\/image\/"}}]}},"_links":{"self":[{"href":"https:\/\/www.hew-hf.de\/kirchturmtechnik\/wp-json\/wp\/v2\/pages\/30709","targetHints":{"allow":["GET"]}}],"collection":[{"href":"https:\/\/www.hew-hf.de\/kirchturmtechnik\/wp-json\/wp\/v2\/pages"}],"about":[{"href":"https:\/\/www.hew-hf.de\/kirchturmtechnik\/wp-json\/wp\/v2\/types\/page"}],"author":[{"embeddable":true,"href":"https:\/\/www.hew-hf.de\/kirchturmtechnik\/wp-json\/wp\/v2\/users\/2"}],"replies":[{"embeddable":true,"href":"https:\/\/www.hew-hf.de\/kirchturmtechnik\/wp-json\/wp\/v2\/comments?post=30709"}],"version-history":[{"count":6,"href":"https:\/\/www.hew-hf.de\/kirchturmtechnik\/wp-json\/wp\/v2\/pages\/30709\/revisions"}],"predecessor-version":[{"id":32055,"href":"https:\/\/www.hew-hf.de\/kirchturmtechnik\/wp-json\/wp\/v2\/pages\/30709\/revisions\/32055"}],"up":[{"embeddable":true,"href":"https:\/\/www.hew-hf.de\/kirchturmtechnik\/wp-json\/wp\/v2\/pages\/30360"}],"wp:attachment":[{"href":"https:\/\/www.hew-hf.de\/kirchturmtechnik\/wp-json\/wp\/v2\/media?parent=30709"}],"curies":[{"name":"wp","href":"https:\/\/api.w.org\/{rel}","templated":true}]}}